{"id":185,"date":"2014-10-28T11:20:07","date_gmt":"2014-10-28T10:20:07","guid":{"rendered":"http:\/\/www.castorcat-monfrere.emmanuel-saubesty.com\/?page_id=185"},"modified":"2020-07-12T23:16:10","modified_gmt":"2020-07-12T22:16:10","slug":"28-octobre-2014","status":"publish","type":"page","link":"https:\/\/www.castorcat-monfrere.emmanuel-saubesty.com\/?page_id=185","title":{"rendered":"28 Octobre 2014"},"content":{"rendered":"<p>La chambre fun\u00e9raire :<\/p>\n<p><a href=\"http:\/\/www.castorcat-monfrere.emmanuel-saubesty.com\/wp-content\/uploads\/2014\/09\/DSCN2733.jpg\"><img loading=\"lazy\" decoding=\"async\" class=\"alignleft wp-image-53 size-medium\" src=\"http:\/\/www.castorcat-monfrere.emmanuel-saubesty.com\/wp-content\/uploads\/2014\/09\/DSCN2733-300x225.jpg\" alt=\"DSCN2733\" width=\"300\" height=\"225\" srcset=\"https:\/\/www.castorcat-monfrere.emmanuel-saubesty.com\/wp-content\/uploads\/2014\/09\/DSCN2733-300x225.jpg 300w, https:\/\/www.castorcat-monfrere.emmanuel-saubesty.com\/wp-content\/uploads\/2014\/09\/DSCN2733-1024x768.jpg 1024w, https:\/\/www.castorcat-monfrere.emmanuel-saubesty.com\/wp-content\/uploads\/2014\/09\/DSCN2733-973x729.jpg 973w, https:\/\/www.castorcat-monfrere.emmanuel-saubesty.com\/wp-content\/uploads\/2014\/09\/DSCN2733-508x381.jpg 508w, https:\/\/www.castorcat-monfrere.emmanuel-saubesty.com\/wp-content\/uploads\/2014\/09\/DSCN2733.jpg 1600w\" sizes=\"auto, (max-width: 300px) 100vw, 300px\" \/><\/a><a href=\"http:\/\/www.castorcat-monfrere.emmanuel-saubesty.com\/wp-content\/uploads\/2014\/10\/IMG_20141026_161210.jpg\"><img loading=\"lazy\" decoding=\"async\" class=\"alignright wp-image-187 size-medium\" src=\"http:\/\/www.castorcat-monfrere.emmanuel-saubesty.com\/wp-content\/uploads\/2014\/10\/IMG_20141026_161210-300x225.jpg\" alt=\"IMG_20141026_161210\" width=\"300\" height=\"225\" srcset=\"https:\/\/www.castorcat-monfrere.emmanuel-saubesty.com\/wp-content\/uploads\/2014\/10\/IMG_20141026_161210-300x225.jpg 300w, https:\/\/www.castorcat-monfrere.emmanuel-saubesty.com\/wp-content\/uploads\/2014\/10\/IMG_20141026_161210-1024x768.jpg 1024w, https:\/\/www.castorcat-monfrere.emmanuel-saubesty.com\/wp-content\/uploads\/2014\/10\/IMG_20141026_161210-973x729.jpg 973w, https:\/\/www.castorcat-monfrere.emmanuel-saubesty.com\/wp-content\/uploads\/2014\/10\/IMG_20141026_161210-508x381.jpg 508w\" sizes=\"auto, (max-width: 300px) 100vw, 300px\" \/><\/a><\/p>\n<p>Le montage vid\u00e9o de Bastien au Cr\u00e9matorium avant l&rsquo;incin\u00e9ration :<\/p>\n<div style=\"width: 620px;\" class=\"wp-video\"><!--[if lt IE 9]><script>document.createElement('video');<\/script><![endif]-->\n<video class=\"wp-video-shortcode\" id=\"video-185-1\" width=\"620\" height=\"349\" preload=\"metadata\" controls=\"controls\"><source type=\"video\/mp4\" src=\"http:\/\/www.castorcat-monfrere.emmanuel-saubesty.com\/wp-content\/uploads\/2020\/07\/mon-frere...-Nico.mp4?_=1\" \/><a href=\"http:\/\/www.castorcat-monfrere.emmanuel-saubesty.com\/wp-content\/uploads\/2020\/07\/mon-frere...-Nico.mp4\">http:\/\/www.castorcat-monfrere.emmanuel-saubesty.com\/wp-content\/uploads\/2020\/07\/mon-frere...-Nico.mp4<\/a><\/video><\/div>\n","protected":false},"excerpt":{"rendered":"<p>La chambre fun\u00e9raire : Le montage vid\u00e9o de Bastien au Cr\u00e9matorium avant l&rsquo;incin\u00e9ration : http:\/\/www.castorcat-monfrere.emmanuel-saubesty.com\/wp-content\/uploads\/2020\/07\/mon-frere&#8230;-Nico.mp4<\/p>\n","protected":false},"author":1,"featured_media":0,"parent":0,"menu_order":0,"comment_status":"open","ping_status":"open","template":"","meta":{"footnotes":""},"class_list":["post-185","page","type-page","status-publish","hentry"],"yoast_head":"<!-- This site is optimized with the Yoast SEO plugin v25.3.1 - https:\/\/yoast.com\/wordpress\/plugins\/seo\/ -->\n<title>28 Octobre 2014 - Castorcat<\/title>\n<meta name=\"robots\" content=\"index, follow, max-snippet:-1, max-image-preview:large, max-video-preview:-1\" \/>\n<link rel=\"canonical\" href=\"https:\/\/www.castorcat-monfrere.emmanuel-saubesty.com\/?page_id=185\" \/>\n<meta property=\"og:locale\" content=\"fr_FR\" \/>\n<meta property=\"og:type\" content=\"article\" \/>\n<meta property=\"og:title\" content=\"28 Octobre 2014 - Castorcat\" \/>\n<meta property=\"og:description\" content=\"La chambre fun\u00e9raire : Le montage vid\u00e9o de Bastien au Cr\u00e9matorium avant l&rsquo;incin\u00e9ration : http:\/\/www.castorcat-monfrere.emmanuel-saubesty.com\/wp-content\/uploads\/2020\/07\/mon-frere...-Nico.mp4\" \/>\n<meta property=\"og:url\" content=\"https:\/\/www.castorcat-monfrere.emmanuel-saubesty.com\/?page_id=185\" \/>\n<meta property=\"og:site_name\" content=\"Castorcat\" \/>\n<meta property=\"article:modified_time\" content=\"2020-07-12T22:16:10+00:00\" \/>\n<meta property=\"og:image\" content=\"http:\/\/www.castorcat-monfrere.emmanuel-saubesty.com\/wp-content\/uploads\/2014\/09\/DSCN2733-300x225.jpg\" \/>\n<meta name=\"twitter:card\" content=\"summary_large_image\" \/>\n<script type=\"application\/ld+json\" class=\"yoast-schema-graph\">{\"@context\":\"https:\/\/schema.org\",\"@graph\":[{\"@type\":\"WebPage\",\"@id\":\"https:\/\/www.castorcat-monfrere.emmanuel-saubesty.com\/?page_id=185\",\"url\":\"https:\/\/www.castorcat-monfrere.emmanuel-saubesty.com\/?page_id=185\",\"name\":\"28 Octobre 2014 - Castorcat\",\"isPartOf\":{\"@id\":\"https:\/\/www.castorcat-monfrere.emmanuel-saubesty.com\/#website\"},\"primaryImageOfPage\":{\"@id\":\"https:\/\/www.castorcat-monfrere.emmanuel-saubesty.com\/?page_id=185#primaryimage\"},\"image\":{\"@id\":\"https:\/\/www.castorcat-monfrere.emmanuel-saubesty.com\/?page_id=185#primaryimage\"},\"thumbnailUrl\":\"http:\/\/www.castorcat-monfrere.emmanuel-saubesty.com\/wp-content\/uploads\/2014\/09\/DSCN2733-300x225.jpg\",\"datePublished\":\"2014-10-28T10:20:07+00:00\",\"dateModified\":\"2020-07-12T22:16:10+00:00\",\"breadcrumb\":{\"@id\":\"https:\/\/www.castorcat-monfrere.emmanuel-saubesty.com\/?page_id=185#breadcrumb\"},\"inLanguage\":\"fr-FR\",\"potentialAction\":[{\"@type\":\"ReadAction\",\"target\":[\"https:\/\/www.castorcat-monfrere.emmanuel-saubesty.com\/?page_id=185\"]}]},{\"@type\":\"ImageObject\",\"inLanguage\":\"fr-FR\",\"@id\":\"https:\/\/www.castorcat-monfrere.emmanuel-saubesty.com\/?page_id=185#primaryimage\",\"url\":\"https:\/\/www.castorcat-monfrere.emmanuel-saubesty.com\/wp-content\/uploads\/2014\/09\/DSCN2733.jpg\",\"contentUrl\":\"https:\/\/www.castorcat-monfrere.emmanuel-saubesty.com\/wp-content\/uploads\/2014\/09\/DSCN2733.jpg\",\"width\":1600,\"height\":1200},{\"@type\":\"BreadcrumbList\",\"@id\":\"https:\/\/www.castorcat-monfrere.emmanuel-saubesty.com\/?page_id=185#breadcrumb\",\"itemListElement\":[{\"@type\":\"ListItem\",\"position\":1,\"name\":\"Accueil\",\"item\":\"https:\/\/www.castorcat-monfrere.emmanuel-saubesty.com\/\"},{\"@type\":\"ListItem\",\"position\":2,\"name\":\"28 Octobre 2014\"}]},{\"@type\":\"WebSite\",\"@id\":\"https:\/\/www.castorcat-monfrere.emmanuel-saubesty.com\/#website\",\"url\":\"https:\/\/www.castorcat-monfrere.emmanuel-saubesty.com\/\",\"name\":\"Castorcat\",\"description\":\"Nicolas SAUBESTY, 34 ans\",\"potentialAction\":[{\"@type\":\"SearchAction\",\"target\":{\"@type\":\"EntryPoint\",\"urlTemplate\":\"https:\/\/www.castorcat-monfrere.emmanuel-saubesty.com\/?s={search_term_string}\"},\"query-input\":{\"@type\":\"PropertyValueSpecification\",\"valueRequired\":true,\"valueName\":\"search_term_string\"}}],\"inLanguage\":\"fr-FR\"}]}<\/script>\n<!-- \/ Yoast SEO plugin. -->","yoast_head_json":{"title":"28 Octobre 2014 - Castorcat","robots":{"index":"index","follow":"follow","max-snippet":"max-snippet:-1","max-image-preview":"max-image-preview:large","max-video-preview":"max-video-preview:-1"},"canonical":"https:\/\/www.castorcat-monfrere.emmanuel-saubesty.com\/?page_id=185","og_locale":"fr_FR","og_type":"article","og_title":"28 Octobre 2014 - Castorcat","og_description":"La chambre fun\u00e9raire : Le montage vid\u00e9o de Bastien au Cr\u00e9matorium avant l&rsquo;incin\u00e9ration : http:\/\/www.castorcat-monfrere.emmanuel-saubesty.com\/wp-content\/uploads\/2020\/07\/mon-frere...-Nico.mp4","og_url":"https:\/\/www.castorcat-monfrere.emmanuel-saubesty.com\/?page_id=185","og_site_name":"Castorcat","article_modified_time":"2020-07-12T22:16:10+00:00","og_image":[{"url":"http:\/\/www.castorcat-monfrere.emmanuel-saubesty.com\/wp-content\/uploads\/2014\/09\/DSCN2733-300x225.jpg","type":"","width":"","height":""}],"twitter_card":"summary_large_image","schema":{"@context":"https:\/\/schema.org","@graph":[{"@type":"WebPage","@id":"https:\/\/www.castorcat-monfrere.emmanuel-saubesty.com\/?page_id=185","url":"https:\/\/www.castorcat-monfrere.emmanuel-saubesty.com\/?page_id=185","name":"28 Octobre 2014 - Castorcat","isPartOf":{"@id":"https:\/\/www.castorcat-monfrere.emmanuel-saubesty.com\/#website"},"primaryImageOfPage":{"@id":"https:\/\/www.castorcat-monfrere.emmanuel-saubesty.com\/?page_id=185#primaryimage"},"image":{"@id":"https:\/\/www.castorcat-monfrere.emmanuel-saubesty.com\/?page_id=185#primaryimage"},"thumbnailUrl":"http:\/\/www.castorcat-monfrere.emmanuel-saubesty.com\/wp-content\/uploads\/2014\/09\/DSCN2733-300x225.jpg","datePublished":"2014-10-28T10:20:07+00:00","dateModified":"2020-07-12T22:16:10+00:00","breadcrumb":{"@id":"https:\/\/www.castorcat-monfrere.emmanuel-saubesty.com\/?page_id=185#breadcrumb"},"inLanguage":"fr-FR","potentialAction":[{"@type":"ReadAction","target":["https:\/\/www.castorcat-monfrere.emmanuel-saubesty.com\/?page_id=185"]}]},{"@type":"ImageObject","inLanguage":"fr-FR","@id":"https:\/\/www.castorcat-monfrere.emmanuel-saubesty.com\/?page_id=185#primaryimage","url":"https:\/\/www.castorcat-monfrere.emmanuel-saubesty.com\/wp-content\/uploads\/2014\/09\/DSCN2733.jpg","contentUrl":"https:\/\/www.castorcat-monfrere.emmanuel-saubesty.com\/wp-content\/uploads\/2014\/09\/DSCN2733.jpg","width":1600,"height":1200},{"@type":"BreadcrumbList","@id":"https:\/\/www.castorcat-monfrere.emmanuel-saubesty.com\/?page_id=185#breadcrumb","itemListElement":[{"@type":"ListItem","position":1,"name":"Accueil","item":"https:\/\/www.castorcat-monfrere.emmanuel-saubesty.com\/"},{"@type":"ListItem","position":2,"name":"28 Octobre 2014"}]},{"@type":"WebSite","@id":"https:\/\/www.castorcat-monfrere.emmanuel-saubesty.com\/#website","url":"https:\/\/www.castorcat-monfrere.emmanuel-saubesty.com\/","name":"Castorcat","description":"Nicolas SAUBESTY, 34 ans","potentialAction":[{"@type":"SearchAction","target":{"@type":"EntryPoint","urlTemplate":"https:\/\/www.castorcat-monfrere.emmanuel-saubesty.com\/?s={search_term_string}"},"query-input":{"@type":"PropertyValueSpecification","valueRequired":true,"valueName":"search_term_string"}}],"inLanguage":"fr-FR"}]}},"_links":{"self":[{"href":"https:\/\/www.castorcat-monfrere.emmanuel-saubesty.com\/index.php?rest_route=\/wp\/v2\/pages\/185","targetHints":{"allow":["GET"]}}],"collection":[{"href":"https:\/\/www.castorcat-monfrere.emmanuel-saubesty.com\/index.php?rest_route=\/wp\/v2\/pages"}],"about":[{"href":"https:\/\/www.castorcat-monfrere.emmanuel-saubesty.com\/index.php?rest_route=\/wp\/v2\/types\/page"}],"author":[{"embeddable":true,"href":"https:\/\/www.castorcat-monfrere.emmanuel-saubesty.com\/index.php?rest_route=\/wp\/v2\/users\/1"}],"replies":[{"embeddable":true,"href":"https:\/\/www.castorcat-monfrere.emmanuel-saubesty.com\/index.php?rest_route=%2Fwp%2Fv2%2Fcomments&post=185"}],"version-history":[{"count":16,"href":"https:\/\/www.castorcat-monfrere.emmanuel-saubesty.com\/index.php?rest_route=\/wp\/v2\/pages\/185\/revisions"}],"predecessor-version":[{"id":327,"href":"https:\/\/www.castorcat-monfrere.emmanuel-saubesty.com\/index.php?rest_route=\/wp\/v2\/pages\/185\/revisions\/327"}],"wp:attachment":[{"href":"https:\/\/www.castorcat-monfrere.emmanuel-saubesty.com\/index.php?rest_route=%2Fwp%2Fv2%2Fmedia&parent=185"}],"curies":[{"name":"wp","href":"https:\/\/api.w.org\/{rel}","templated":true}]}}